{"id":841,"date":"2023-06-26T08:35:40","date_gmt":"2023-06-26T06:35:40","guid":{"rendered":"http:\/\/hautgleon.com\/les-vignobles-foncalieu\/"},"modified":"2023-09-04T12:26:23","modified_gmt":"2023-09-04T10:26:23","slug":"les-vignobles-foncalieu","status":"publish","type":"page","link":"https:\/\/hautgleon.com\/en\/les-vignobles-foncalieu\/","title":{"rendered":"Les Vignobles Foncalieu"},"content":{"rendered":"","protected":false},"excerpt":{"rendered":"","protected":false},"author":3,"featured_media":0,"parent":0,"menu_order":3,"comment_status":"closed","ping_status":"closed","template":"","meta":{"_acf_changed":false,"ocean_post_layout":"","ocean_both_sidebars_style":"","ocean_both_sidebars_content_width":0,"ocean_both_sidebars_sidebars_width":0,"ocean_sidebar":"0","ocean_second_sidebar":"0","ocean_disable_margins":"enable","ocean_add_body_class":"","ocean_shortcode_before_top_bar":"","ocean_shortcode_after_top_bar":"","ocean_shortcode_before_header":"","ocean_shortcode_after_header":"","ocean_has_shortcode":"","ocean_shortcode_after_title":"","ocean_shortcode_before_footer_widgets":"","ocean_shortcode_after_footer_widgets":"","ocean_shortcode_before_footer_bottom":"","ocean_shortcode_after_footer_bottom":"","ocean_display_top_bar":"default","ocean_display_header":"default","ocean_header_style":"","ocean_center_header_left_menu":"0","ocean_custom_header_template":"0","ocean_custom_logo":0,"ocean_custom_retina_logo":0,"ocean_custom_logo_max_width":0,"ocean_custom_logo_tablet_max_width":0,"ocean_custom_logo_mobile_max_width":0,"ocean_custom_logo_max_height":0,"ocean_custom_logo_tablet_max_height":0,"ocean_custom_logo_mobile_max_height":0,"ocean_header_custom_menu":"0","ocean_menu_typo_font_family":"0","ocean_menu_typo_font_subset":"","ocean_menu_typo_font_size":0,"ocean_menu_typo_font_size_tablet":0,"ocean_menu_typo_font_size_mobile":0,"ocean_menu_typo_font_size_unit":"px","ocean_menu_typo_font_weight":"","ocean_menu_typo_font_weight_tablet":"","ocean_menu_typo_font_weight_mobile":"","ocean_menu_typo_transform":"","ocean_menu_typo_transform_tablet":"","ocean_menu_typo_transform_mobile":"","ocean_menu_typo_line_height":0,"ocean_menu_typo_line_height_tablet":0,"ocean_menu_typo_line_height_mobile":0,"ocean_menu_typo_line_height_unit":"","ocean_menu_typo_spacing":0,"ocean_menu_typo_spacing_tablet":0,"ocean_menu_typo_spacing_mobile":0,"ocean_menu_typo_spacing_unit":"","ocean_menu_link_color":"","ocean_menu_link_color_hover":"","ocean_menu_link_color_active":"","ocean_menu_link_background":"","ocean_menu_link_hover_background":"","ocean_menu_link_active_background":"","ocean_menu_social_links_bg":"","ocean_menu_social_hover_links_bg":"","ocean_menu_social_links_color":"","ocean_menu_social_hover_links_color":"","ocean_disable_title":"default","ocean_disable_heading":"default","ocean_post_title":"","ocean_post_subheading":"","ocean_post_title_style":"","ocean_post_title_background_color":"","ocean_post_title_background":0,"ocean_post_title_bg_image_position":"","ocean_post_title_bg_image_attachment":"","ocean_post_title_bg_image_repeat":"","ocean_post_title_bg_image_size":"","ocean_post_title_height":0,"ocean_post_title_bg_overlay":0.5,"ocean_post_title_bg_overlay_color":"","ocean_disable_breadcrumbs":"default","ocean_breadcrumbs_color":"","ocean_breadcrumbs_separator_color":"","ocean_breadcrumbs_links_color":"","ocean_breadcrumbs_links_hover_color":"","ocean_display_footer_widgets":"default","ocean_display_footer_bottom":"default","ocean_custom_footer_template":"0","footnotes":""},"class_list":["post-841","page","type-page","status-publish","hentry","entry"],"acf":[],"yoast_head":"<!-- This site is optimized with the Yoast SEO plugin v27.3 - https:\/\/yoast.com\/product\/yoast-seo-wordpress\/ -->\n<title>Les Vignobles Foncalieu - Ch\u00e2teau Haut Gl\u00e9on<\/title>\n<meta name=\"robots\" content=\"index, follow, max-snippet:-1, max-image-preview:large, max-video-preview:-1\" \/>\n<link rel=\"canonical\" href=\"https:\/\/hautgleon.com\/les-vignobles-foncalieu\/\" \/>\n<meta property=\"og:locale\" content=\"en_US\" \/>\n<meta property=\"og:type\" content=\"article\" \/>\n<meta property=\"og:title\" content=\"Les Vignobles Foncalieu - Ch\u00e2teau Haut Gl\u00e9on\" \/>\n<meta property=\"og:url\" content=\"https:\/\/hautgleon.com\/les-vignobles-foncalieu\/\" \/>\n<meta property=\"og:site_name\" content=\"Ch\u00e2teau Haut Gl\u00e9on\" \/>\n<meta property=\"article:modified_time\" content=\"2023-09-04T10:26:23+00:00\" \/>\n<meta name=\"twitter:card\" content=\"summary_large_image\" \/>\n<script type=\"application\/ld+json\" class=\"yoast-schema-graph\">{\"@context\":\"https:\\\/\\\/schema.org\",\"@graph\":[{\"@type\":\"WebPage\",\"@id\":\"https:\\\/\\\/hautgleon.com\\\/les-vignobles-foncalieu\\\/\",\"url\":\"https:\\\/\\\/hautgleon.com\\\/les-vignobles-foncalieu\\\/\",\"name\":\"Les Vignobles Foncalieu - Ch\u00e2teau Haut Gl\u00e9on\",\"isPartOf\":{\"@id\":\"https:\\\/\\\/hautgleon.com\\\/#website\"},\"datePublished\":\"2023-06-26T06:35:40+00:00\",\"dateModified\":\"2023-09-04T10:26:23+00:00\",\"breadcrumb\":{\"@id\":\"https:\\\/\\\/hautgleon.com\\\/les-vignobles-foncalieu\\\/#breadcrumb\"},\"inLanguage\":\"en-US\",\"potentialAction\":[{\"@type\":\"ReadAction\",\"target\":[\"https:\\\/\\\/hautgleon.com\\\/les-vignobles-foncalieu\\\/\"]}]},{\"@type\":\"BreadcrumbList\",\"@id\":\"https:\\\/\\\/hautgleon.com\\\/les-vignobles-foncalieu\\\/#breadcrumb\",\"itemListElement\":[{\"@type\":\"ListItem\",\"position\":1,\"name\":\"Home\",\"item\":\"https:\\\/\\\/hautgleon.com\\\/en\\\/\"},{\"@type\":\"ListItem\",\"position\":2,\"name\":\"Les Vignobles Foncalieu\"}]},{\"@type\":\"WebSite\",\"@id\":\"https:\\\/\\\/hautgleon.com\\\/#website\",\"url\":\"https:\\\/\\\/hautgleon.com\\\/\",\"name\":\"Ch\u00e2teau Haut Gl\u00e9on\",\"description\":\"Entrez dans la l\u00e9gende\",\"publisher\":{\"@id\":\"https:\\\/\\\/hautgleon.com\\\/#organization\"},\"potentialAction\":[{\"@type\":\"SearchAction\",\"target\":{\"@type\":\"EntryPoint\",\"urlTemplate\":\"https:\\\/\\\/hautgleon.com\\\/?s={search_term_string}\"},\"query-input\":{\"@type\":\"PropertyValueSpecification\",\"valueRequired\":true,\"valueName\":\"search_term_string\"}}],\"inLanguage\":\"en-US\"},{\"@type\":\"Organization\",\"@id\":\"https:\\\/\\\/hautgleon.com\\\/#organization\",\"name\":\"Ch\u00e2teau Haut Gl\u00e9on\",\"url\":\"https:\\\/\\\/hautgleon.com\\\/\",\"logo\":{\"@type\":\"ImageObject\",\"inLanguage\":\"en-US\",\"@id\":\"https:\\\/\\\/hautgleon.com\\\/#\\\/schema\\\/logo\\\/image\\\/\",\"url\":\"https:\\\/\\\/hautgleon.com\\\/wp-content\\\/uploads\\\/2023\\\/06\\\/chateau-haut-gleon-logo.svg\",\"contentUrl\":\"https:\\\/\\\/hautgleon.com\\\/wp-content\\\/uploads\\\/2023\\\/06\\\/chateau-haut-gleon-logo.svg\",\"width\":212,\"height\":76,\"caption\":\"Ch\u00e2teau Haut Gl\u00e9on\"},\"image\":{\"@id\":\"https:\\\/\\\/hautgleon.com\\\/#\\\/schema\\\/logo\\\/image\\\/\"}}]}<\/script>\n<!-- \/ Yoast SEO plugin. -->","yoast_head_json":{"title":"Les Vignobles Foncalieu - Ch\u00e2teau Haut Gl\u00e9on","robots":{"index":"index","follow":"follow","max-snippet":"max-snippet:-1","max-image-preview":"max-image-preview:large","max-video-preview":"max-video-preview:-1"},"canonical":"https:\/\/hautgleon.com\/les-vignobles-foncalieu\/","og_locale":"en_US","og_type":"article","og_title":"Les Vignobles Foncalieu - Ch\u00e2teau Haut Gl\u00e9on","og_url":"https:\/\/hautgleon.com\/les-vignobles-foncalieu\/","og_site_name":"Ch\u00e2teau Haut Gl\u00e9on","article_modified_time":"2023-09-04T10:26:23+00:00","twitter_card":"summary_large_image","schema":{"@context":"https:\/\/schema.org","@graph":[{"@type":"WebPage","@id":"https:\/\/hautgleon.com\/les-vignobles-foncalieu\/","url":"https:\/\/hautgleon.com\/les-vignobles-foncalieu\/","name":"Les Vignobles Foncalieu - Ch\u00e2teau Haut Gl\u00e9on","isPartOf":{"@id":"https:\/\/hautgleon.com\/#website"},"datePublished":"2023-06-26T06:35:40+00:00","dateModified":"2023-09-04T10:26:23+00:00","breadcrumb":{"@id":"https:\/\/hautgleon.com\/les-vignobles-foncalieu\/#breadcrumb"},"inLanguage":"en-US","potentialAction":[{"@type":"ReadAction","target":["https:\/\/hautgleon.com\/les-vignobles-foncalieu\/"]}]},{"@type":"BreadcrumbList","@id":"https:\/\/hautgleon.com\/les-vignobles-foncalieu\/#breadcrumb","itemListElement":[{"@type":"ListItem","position":1,"name":"Home","item":"https:\/\/hautgleon.com\/en\/"},{"@type":"ListItem","position":2,"name":"Les Vignobles Foncalieu"}]},{"@type":"WebSite","@id":"https:\/\/hautgleon.com\/#website","url":"https:\/\/hautgleon.com\/","name":"Ch\u00e2teau Haut Gl\u00e9on","description":"Entrez dans la l\u00e9gende","publisher":{"@id":"https:\/\/hautgleon.com\/#organization"},"potentialAction":[{"@type":"SearchAction","target":{"@type":"EntryPoint","urlTemplate":"https:\/\/hautgleon.com\/?s={search_term_string}"},"query-input":{"@type":"PropertyValueSpecification","valueRequired":true,"valueName":"search_term_string"}}],"inLanguage":"en-US"},{"@type":"Organization","@id":"https:\/\/hautgleon.com\/#organization","name":"Ch\u00e2teau Haut Gl\u00e9on","url":"https:\/\/hautgleon.com\/","logo":{"@type":"ImageObject","inLanguage":"en-US","@id":"https:\/\/hautgleon.com\/#\/schema\/logo\/image\/","url":"https:\/\/hautgleon.com\/wp-content\/uploads\/2023\/06\/chateau-haut-gleon-logo.svg","contentUrl":"https:\/\/hautgleon.com\/wp-content\/uploads\/2023\/06\/chateau-haut-gleon-logo.svg","width":212,"height":76,"caption":"Ch\u00e2teau Haut Gl\u00e9on"},"image":{"@id":"https:\/\/hautgleon.com\/#\/schema\/logo\/image\/"}}]}},"_links":{"self":[{"href":"https:\/\/hautgleon.com\/en\/wp-json\/wp\/v2\/pages\/841","targetHints":{"allow":["GET"]}}],"collection":[{"href":"https:\/\/hautgleon.com\/en\/wp-json\/wp\/v2\/pages"}],"about":[{"href":"https:\/\/hautgleon.com\/en\/wp-json\/wp\/v2\/types\/page"}],"author":[{"embeddable":true,"href":"https:\/\/hautgleon.com\/en\/wp-json\/wp\/v2\/users\/3"}],"replies":[{"embeddable":true,"href":"https:\/\/hautgleon.com\/en\/wp-json\/wp\/v2\/comments?post=841"}],"version-history":[{"count":0,"href":"https:\/\/hautgleon.com\/en\/wp-json\/wp\/v2\/pages\/841\/revisions"}],"wp:attachment":[{"href":"https:\/\/hautgleon.com\/en\/wp-json\/wp\/v2\/media?parent=841"}],"curies":[{"name":"wp","href":"https:\/\/api.w.org\/{rel}","templated":true}]}}